{"id":145,"date":"2017-01-06T22:51:06","date_gmt":"2017-01-06T22:51:06","guid":{"rendered":"http:\/\/freunde-historischer-faltboote.de\/?page_id=145"},"modified":"2017-12-19T19:48:48","modified_gmt":"2017-12-19T19:48:48","slug":"faq","status":"publish","type":"page","link":"https:\/\/freunde-historischer-faltboote.de\/?page_id=145","title":{"rendered":"Links"},"content":{"rendered":"<h4>Internetseiten<\/h4>\n<p><a href=\"http:\/\/www.faltboot.org\" target=\"_blank\" rel=\"noopener noreferrer\">www.faltboot.org<\/a><\/p>\n<p><a href=\"http:\/\/www.faltbootbasteln.de\" target=\"_blank\" rel=\"noopener noreferrer\">www.faltbootbasteln.de<\/a><\/p>\n<p><a href=\"http:\/\/www.kanugeschichte.net\" target=\"_blank\" rel=\"noopener noreferrer\">www.kanugeschichte.net<\/a><\/p>\n<p><a href=\"http:\/\/www.kanugeschichte-bayern.de\" target=\"_blank\" rel=\"noopener noreferrer\">www.kanugeschichte-bayern.de<\/a><cite class=\"_Rm\"><\/cite><\/p>\n<p><a href=\"http:\/\/pluennenkreuzer.de\/kreuzer.html\" target=\"_blank\" rel=\"noopener noreferrer\">www.pluennenkreuzer.de<\/a><\/p>\n<p><a href=\"http:\/\/www.rolf-bartusel.de\/tag\/mtw\" target=\"_blank\" rel=\"noopener noreferrer\">www.rolf-bartusel.de<\/a><\/p>\n<p><a href=\"http:\/\/www.mtw-faltboot.de\" target=\"_blank\" rel=\"noopener noreferrer\">www.mtw-faltboot.de<\/a><\/p>\n<h4>Museen<\/h4>\n<p><a href=\"http:\/\/www.kleppermuseum.de\" target=\"_blank\" rel=\"noopener noreferrer\">www.kleppermuseum.de<\/a><\/p>\n<p><a href=\"http:\/\/www.muzeumkajakarstwa.pl\/\" target=\"_blank\" rel=\"noopener noreferrer\">www.muzeumkajakarstwa.pl<\/a><\/p>\n<p>Es handelt sich hierbei um das polnische Faltbootmuseum &#8222;Muzeum Kajakarstwa&#8220; in der Stra\u00dfe ul. Kopernika 9\u00a0\u00a0 (Ecke ul. Biskupa W\u0142adys\u0142awa J\u0119druszuka) in Drohiczyn am Bug (Wojewodschaft Podlaskie, Ostpolen), 140 km \u00f6stlich von Warschau.<\/p>\n<p><a href=\"http:\/\/www.wassersportmuseum-gruenau.de\" target=\"_blank\" rel=\"noopener noreferrer\">www.wassersportmuseum-gruenau.de\/<\/a><\/p>\n<h4>Filme<\/h4>\n<p><a href=\"https:\/\/www.youtube.com\/watch?v=-NGHm-YpwW8\" target=\"_blank\" rel=\"noopener\">Pioniere der Freizeit: Faltboote aus Bad T\u00f6lz | Zwischen Spessart und Karwendel | BR<\/a><\/p>\n<p><a href=\"https:\/\/www.youtube.com\/watch?v=9xKdETj_KZw\" target=\"_blank\" rel=\"noopener\">Ausstellung zum Schwarzen Falter 2015<\/a><\/p>\n<p><a href=\"https:\/\/www.youtube.com\/watch?v=2TkhPVDCXq4\" target=\"_blank\" rel=\"noopener\">MTW Ausstellung 2017 zum Schwarzen Falter<\/a><\/p>\n<p>&nbsp;<\/p>\n","protected":false},"excerpt":{"rendered":"<p>Internetseiten www.faltboot.org www.faltbootbasteln.de www.kanugeschichte.net www.kanugeschichte-bayern.de www.pluennenkreuzer.de www.rolf-bartusel.de www.mtw-faltboot.de Museen www.kleppermuseum.de www.muzeumkajakarstwa.pl Es handelt sich hierbei um das polnische Faltbootmuseum &#8222;Muzeum Kajakarstwa&#8220; in der Stra\u00dfe ul. Kopernika 9\u00a0\u00a0 (Ecke ul. Biskupa W\u0142adys\u0142awa J\u0119druszuka) in Drohiczyn am Bug (Wojewodschaft Podlaskie, Ostpolen), 140 km \u00f6stlich von Warschau. www.wassersportmuseum-gruenau.de\/ Filme Pioniere der Freizeit: Faltboote aus Bad T\u00f6lz | Zwischen Spessart und Karwendel | BR [&hellip;]<\/p>\n","protected":false},"author":1,"featured_media":0,"parent":0,"menu_order":0,"comment_status":"closed","ping_status":"closed","template":"","meta":[],"_links":{"self":[{"href":"https:\/\/freunde-historischer-faltboote.de\/index.php?rest_route=\/wp\/v2\/pages\/145"}],"collection":[{"href":"https:\/\/freunde-historischer-faltboote.de\/index.php?rest_route=\/wp\/v2\/pages"}],"about":[{"href":"https:\/\/freunde-historischer-faltboote.de\/index.php?rest_route=\/wp\/v2\/types\/page"}],"author":[{"embeddable":true,"href":"https:\/\/freunde-historischer-faltboote.de\/index.php?rest_route=\/wp\/v2\/users\/1"}],"replies":[{"embeddable":true,"href":"https:\/\/freunde-historischer-faltboote.de\/index.php?rest_route=%2Fwp%2Fv2%2Fcomments&post=145"}],"version-history":[{"count":13,"href":"https:\/\/freunde-historischer-faltboote.de\/index.php?rest_route=\/wp\/v2\/pages\/145\/revisions"}],"predecessor-version":[{"id":694,"href":"https:\/\/freunde-historischer-faltboote.de\/index.php?rest_route=\/wp\/v2\/pages\/145\/revisions\/694"}],"wp:attachment":[{"href":"https:\/\/freunde-historischer-faltboote.de\/index.php?rest_route=%2Fwp%2Fv2%2Fmedia&parent=145"}],"curies":[{"name":"wp","href":"https:\/\/api.w.org\/{rel}","templated":true}]}}