{"id":21,"date":"2016-09-30T18:34:39","date_gmt":"2016-09-30T18:34:39","guid":{"rendered":"http:\/\/freunde-historischer-faltboote.de\/?page_id=21"},"modified":"2022-02-25T19:16:55","modified_gmt":"2022-02-25T19:16:55","slug":"staendige-ausstellung","status":"publish","type":"page","link":"http:\/\/freunde-historischer-faltboote.de\/?page_id=21","title":{"rendered":"Bilder der ehemaligen Ausstellung"},"content":{"rendered":"<p>Es gab eine st\u00e4ndige Ausstellung von Exponaten des Vereins in der <span class=\"_Xbe\">Adolf-Damaschke-Stra\u00dfe 56-58 in 14542 <strong>Werder <\/strong><\/span><strong>an der Havel<\/strong>. Die Firma Patcool, die mit Faltbooten und Faltbootersatzteilen handelt, hatte freundlicher Weise einen Bereich f\u00fcr die Ausstellung zur Verf\u00fcgung gestellt. Die Ausstellung konnte w\u00e4hrend der \u00d6ffnungszeiten der Firma Patcool besichtigt werden.<\/p>\n<p>Die Ausstellung musste aus Platzgr\u00fcnden abgebaut werden, die Ausstellungsst\u00fccke wurden sorgsam eingelagert.<\/p>\n<p>Wir sind st\u00e4ndig auf der Suche nach neuen Ausstellungsm\u00f6glichkeiten.<\/p>\n<p>&nbsp;<\/p>\n\n\t\t<!-- MasterSlider -->\n\t\t<div id=\"P_MS69deb99882bdb\" class=\"master-slider-parent msl ms-parent-id-1\" style=\"max-width:800px;\">\n\n\t\t\t\n\t\t\t<!-- MasterSlider Main -->\n\t\t\t<div id=\"MS69deb99882bdb\" class=\"master-slider ms-skin-default\" >\n\t\t\t\t \t\t\t\t \n\t\t\t\t<div  class=\"ms-slide\" data-delay=\"3\" data-fill-mode=\"fill\"  >\n\t\t\t\t\t<img src=\"http:\/\/freunde-historischer-faltboote.de\/wp-content\/plugins\/master-slider\/public\/assets\/css\/blank.gif\" alt=\"\" title=\"\" data-src=\"http:\/\/freunde-historischer-faltboote.de\/wp-content\/uploads\/2016\/12\/Ausstellung-Werder09.jpg\" \/>\n\n\t\t\t\t\t<div class=\"ms-info\"><h3 style=\"text-align: center;\">Ausstellung in Werder<\/h3><p style=\"text-align: center;\">Sie sehen original erhaltene Faltboot Rarit\u00e4ten verschiedener Epochen.<br \/>Hier Boote mit originaler Haut der Werften F\u00fcrst, Marquardt, Hart, Klepper und Kette. Dazu Bootswagen und Campingausstattung verschiedenen Alters.<\/p>3<\/div>\n\n\n\t<img class=\"ms-thumb\" src=\"http:\/\/freunde-historischer-faltboote.de\/wp-content\/uploads\/2016\/12\/Ausstellung-Werder09-100x80.jpg\" alt=\"\" \/>\n\t<div class=\"ms-thumb\" ><div class=\"ms-tab-context\"><div class=&quot;ms-tab-context&quot;><\/div><\/div>\n<\/div>\n\t\t\t\t<\/div>\n\t\t\t\t<div  class=\"ms-slide\" data-delay=\"3\" data-fill-mode=\"fill\"  >\n\t\t\t\t\t<img src=\"http:\/\/freunde-historischer-faltboote.de\/wp-content\/plugins\/master-slider\/public\/assets\/css\/blank.gif\" alt=\"\" title=\"\" data-src=\"http:\/\/freunde-historischer-faltboote.de\/wp-content\/uploads\/2016\/12\/Ausstellung-Werder05.jpg\" \/>\n\n\t\t\t\t\t<div class=\"ms-info\"><h3 style=\"text-align: center;\">Ausstellung in Werder<\/h3><p style=\"text-align: center;\">Im Regal von oben nach unten<br \/>3 Kette Faltboote (Breslau \/ Hamburg)<br \/>1 Hart Zweier aus M\u00fcnchen<\/p>3<\/div>\n\n\n\t<img class=\"ms-thumb\" src=\"http:\/\/freunde-historischer-faltboote.de\/wp-content\/uploads\/2016\/12\/Ausstellung-Werder05-100x80.jpg\" alt=\"\" \/>\n\t<div class=\"ms-thumb\" ><div class=\"ms-tab-context\"><div class=&quot;ms-tab-context&quot;><\/div><\/div>\n<\/div>\n\t\t\t\t<\/div>\n\t\t\t\t<div  class=\"ms-slide\" data-delay=\"3\" data-fill-mode=\"fill\"  >\n\t\t\t\t\t<img src=\"http:\/\/freunde-historischer-faltboote.de\/wp-content\/plugins\/master-slider\/public\/assets\/css\/blank.gif\" alt=\"\" title=\"\" data-src=\"http:\/\/freunde-historischer-faltboote.de\/wp-content\/uploads\/2016\/12\/Ausstellung-Werder01.jpg\" \/>\n\n\t\t\t\t\t<div class=\"ms-info\"><h3 style=\"text-align: center;\">Ausstellung in Werder<\/h3><p style=\"text-align: center;\">Klepper Faltbootger\u00fcste an der linken Wand:<br \/>1 x T5 Zweier<br \/>1 x Super T6 Zweier<br \/>1 x T6 Sportzweier<br \/>darunter ein Fimax Zweier aus M\u00fcnchen.<\/p>3<\/div>\n\n\n\t<img class=\"ms-thumb\" src=\"http:\/\/freunde-historischer-faltboote.de\/wp-content\/uploads\/2016\/12\/Ausstellung-Werder01-100x80.jpg\" alt=\"\" \/>\n\t<div class=\"ms-thumb\" ><div class=\"ms-tab-context\"><div class=&quot;ms-tab-context&quot;><\/div><\/div>\n<\/div>\n\t\t\t\t<\/div>\n\t\t\t\t<div  class=\"ms-slide\" data-delay=\"3\" data-fill-mode=\"fill\"  >\n\t\t\t\t\t<img src=\"http:\/\/freunde-historischer-faltboote.de\/wp-content\/plugins\/master-slider\/public\/assets\/css\/blank.gif\" alt=\"\" title=\"\" data-src=\"http:\/\/freunde-historischer-faltboote.de\/wp-content\/uploads\/2016\/12\/Ausstellung-Werder03.jpg\" \/>\n\n\t\t\t\t\t<div class=\"ms-info\"><h3 style=\"text-align: center;\">Ausstellung in Werder<\/h3><p style=\"text-align: center;\">Rechts im Regal sehen Sie die schlanke Silhouette der Kette Faltboote.<br \/>Von oben: <br \/>3 x Kette Faltboot<br \/>1 x Hart Triumph Sonderklasse<br \/><br \/><\/p><\/div>\n\n\n\t<img class=\"ms-thumb\" src=\"http:\/\/freunde-historischer-faltboote.de\/wp-content\/uploads\/2016\/12\/Ausstellung-Werder03-100x80.jpg\" alt=\"\" \/>\n\t<div class=\"ms-thumb\" ><div class=\"ms-tab-context\"><div class=&quot;ms-tab-context&quot;><\/div><\/div>\n<\/div>\n\t\t\t\t<\/div>\n\t\t\t\t<div  class=\"ms-slide\" data-delay=\"3\" data-fill-mode=\"fill\"  >\n\t\t\t\t\t<img src=\"http:\/\/freunde-historischer-faltboote.de\/wp-content\/plugins\/master-slider\/public\/assets\/css\/blank.gif\" alt=\"\" title=\"\" data-src=\"http:\/\/freunde-historischer-faltboote.de\/wp-content\/uploads\/2016\/12\/Ausstellung-Werder04.jpg\" \/>\n\n\t\t\t\t\t<div class=\"ms-info\"><h3 style=\"text-align: center;\">Ausstellung in Werder<\/h3><p style=\"text-align: center;\">An der Wand sehen Sie eine kleine Auswahl verschiedener Klepper Wander- und Slalom Einer Ger\u00fcste.<\/p><h3 style=\"text-align: center;\"><br \/><br \/><\/h3><\/div>\n\n\n\t<img class=\"ms-thumb\" src=\"http:\/\/freunde-historischer-faltboote.de\/wp-content\/uploads\/2016\/12\/Ausstellung-Werder04-100x80.jpg\" alt=\"\" \/>\n\t<div class=\"ms-thumb\" ><div class=\"ms-tab-context\"><div class=&quot;ms-tab-context&quot;><\/div><\/div>\n<\/div>\n\t\t\t\t<\/div>\n\t\t\t\t<div  class=\"ms-slide\" data-delay=\"3\" data-fill-mode=\"fill\"  >\n\t\t\t\t\t<img src=\"http:\/\/freunde-historischer-faltboote.de\/wp-content\/plugins\/master-slider\/public\/assets\/css\/blank.gif\" alt=\"\" title=\"\" data-src=\"http:\/\/freunde-historischer-faltboote.de\/wp-content\/uploads\/2016\/12\/Ausstellung-Werder10.jpg\" \/>\n\n\t\t\t\t\t<div class=\"ms-info\"><h3 style=\"text-align: center;\">Ausstellung in Werder<\/h3><p style=\"text-align: center;\">unterschiedliche Ger\u00fcstkonstruktionen...<br \/>oben: Ein fr\u00fches Horst Hartung Ger\u00fcst<br \/>unten: LFB Stern Ger\u00fcst (Otto Thiele)<\/p><\/div>\n\n\n\t<img class=\"ms-thumb\" src=\"http:\/\/freunde-historischer-faltboote.de\/wp-content\/uploads\/2016\/12\/Ausstellung-Werder10-100x80.jpg\" alt=\"\" \/>\n\t<div class=\"ms-thumb\" ><div class=\"ms-tab-context\"><div class=&quot;ms-tab-context&quot;><\/div><\/div>\n<\/div>\n\t\t\t\t<\/div>\n\t\t\t\t<div  class=\"ms-slide\" data-delay=\"3\" data-fill-mode=\"fill\"  >\n\t\t\t\t\t<img src=\"http:\/\/freunde-historischer-faltboote.de\/wp-content\/plugins\/master-slider\/public\/assets\/css\/blank.gif\" alt=\"\" title=\"\" data-src=\"http:\/\/freunde-historischer-faltboote.de\/wp-content\/uploads\/2016\/12\/Ausstellung-Werder11.jpg\" \/>\n\n\t\t\t\t\t<div class=\"ms-info\"><h3 style=\"text-align: center;\">Ausstellung in Werder<\/h3><p style=\"text-align: center;\">Das linke Boot ist ein Horst Hartung Slalom 58 (Geschenk v. Jochen F\u00f6rster), <br \/>das Rechte ist ein Klepper Renneiner von 1935.<\/p><\/div>\n\n\n\t<img class=\"ms-thumb\" src=\"http:\/\/freunde-historischer-faltboote.de\/wp-content\/uploads\/2016\/12\/Ausstellung-Werder11-100x80.jpg\" alt=\"\" \/>\n\t<div class=\"ms-thumb\" ><div class=\"ms-tab-context\"><div class=&quot;ms-tab-context&quot;><\/div><\/div>\n<\/div>\n\t\t\t\t<\/div>\n\n\t\t\t<\/div>\n\t\t\t<!-- END MasterSlider Main -->\n\n\t\t\t \n\t\t<\/div>\n\t\t<!-- END MasterSlider -->\n\n\t\t<script>\n\t\t(function ( $ ) {\n\t\t\t\"use strict\";\n\n\t\t\t$(function () {\n\t\t\t\tvar masterslider_2bdb = new MasterSlider();\n\n\t\t\t\t\/\/ slider controls\n\t\t\t\tmasterslider_2bdb.control('arrows'     ,{ autohide:false, overVideo:true  });\n\t\t\t\tmasterslider_2bdb.control('thumblist'  ,{ autohide:false, overVideo:true, dir:'h', speed:17, inset:false, arrows:false, hover:false, customClass:'', align:'bottom',type:'thumbs', margin:10, width:100, height:80, space:5, fillMode:'fill'  });\n\t\t\t\tmasterslider_2bdb.control('slideinfo'  ,{ autohide:false, overVideo:true, dir:'h', align:'bottom',inset:false , margin:10   });\n\t\t\t\t\/\/ slider setup\n\t\t\t\tmasterslider_2bdb.setup(\"MS69deb99882bdb\", {\n\t\t\t\t\t\twidth           : 800,\n\t\t\t\t\t\theight          : 480,\n\t\t\t\t\t\tminHeight       : 0,\n\t\t\t\t\t\tspace           : 0,\n\t\t\t\t\t\tstart           : 1,\n\t\t\t\t\t\tgrabCursor      : true,\n\t\t\t\t\t\tswipe           : true,\n\t\t\t\t\t\tmouse           : true,\n\t\t\t\t\t\tlayout          : \"boxed\",\n\t\t\t\t\t\twheel           : false,\n\t\t\t\t\t\tautoplay        : false,\n\t\t\t\t\t\tinstantStartLayers:false,\n\t\t\t\t\t\tloop            : false,\n\t\t\t\t\t\tshuffle         : false,\n\t\t\t\t\t\tpreload         : 0,\n\t\t\t\t\t\theightLimit     : true,\n\t\t\t\t\t\tautoHeight      : false,\n\t\t\t\t\t\tsmoothHeight    : true,\n\t\t\t\t\t\tendPause        : false,\n\t\t\t\t\t\toverPause       : true,\n\t\t\t\t\t\tfillMode        : \"fill\",\n\t\t\t\t\t\tcenterControls  : true,\n\t\t\t\t\t\tstartOnAppear   : false,\n\t\t\t\t\t\tlayersMode      : \"center\",\n\t\t\t\t\t\thideLayers      : false,\n\t\t\t\t\t\tfullscreenMargin: 0,\n\t\t\t\t\t\tspeed           : 20,\n\t\t\t\t\t\tdir             : \"h\",\n\t\t\t\t\t\tparallaxMode    : 'swipe',\n\t\t\t\t\t\tview            : \"basic\"\n\t\t\t\t});\n\n\t\t\t\t\n\t\t\t\twindow.masterslider_instances = window.masterslider_instances || [];\n\t\t\t\twindow.masterslider_instances.push( masterslider_2bdb );\n\t\t\t });\n\n\t\t})(jQuery);\n\t\t<\/script>\n\n\n","protected":false},"excerpt":{"rendered":"<p>Es gab eine st\u00e4ndige Ausstellung von Exponaten des Vereins in der Adolf-Damaschke-Stra\u00dfe 56-58 in 14542 Werder an der Havel. Die Firma Patcool, die mit Faltbooten und Faltbootersatzteilen handelt, hatte freundlicher Weise einen Bereich f\u00fcr die Ausstellung zur Verf\u00fcgung gestellt. Die Ausstellung konnte w\u00e4hrend der \u00d6ffnungszeiten der Firma Patcool besichtigt werden. Die Ausstellung musste aus Platzgr\u00fcnden abgebaut werden, die Ausstellungsst\u00fccke wurden [&hellip;]<\/p>\n","protected":false},"author":1,"featured_media":0,"parent":0,"menu_order":0,"comment_status":"closed","ping_status":"closed","template":"","meta":[],"_links":{"self":[{"href":"http:\/\/freunde-historischer-faltboote.de\/index.php?rest_route=\/wp\/v2\/pages\/21"}],"collection":[{"href":"http:\/\/freunde-historischer-faltboote.de\/index.php?rest_route=\/wp\/v2\/pages"}],"about":[{"href":"http:\/\/freunde-historischer-faltboote.de\/index.php?rest_route=\/wp\/v2\/types\/page"}],"author":[{"embeddable":true,"href":"http:\/\/freunde-historischer-faltboote.de\/index.php?rest_route=\/wp\/v2\/users\/1"}],"replies":[{"embeddable":true,"href":"http:\/\/freunde-historischer-faltboote.de\/index.php?rest_route=%2Fwp%2Fv2%2Fcomments&post=21"}],"version-history":[{"count":6,"href":"http:\/\/freunde-historischer-faltboote.de\/index.php?rest_route=\/wp\/v2\/pages\/21\/revisions"}],"predecessor-version":[{"id":1245,"href":"http:\/\/freunde-historischer-faltboote.de\/index.php?rest_route=\/wp\/v2\/pages\/21\/revisions\/1245"}],"wp:attachment":[{"href":"http:\/\/freunde-historischer-faltboote.de\/index.php?rest_route=%2Fwp%2Fv2%2Fmedia&parent=21"}],"curies":[{"name":"wp","href":"https:\/\/api.w.org\/{rel}","templated":true}]}}